{"id":71,"date":"2017-12-01T06:53:30","date_gmt":"2017-12-01T06:53:30","guid":{"rendered":"https:\/\/www.worldb12day.com\/?page_id=71"},"modified":"2023-12-12T23:25:30","modified_gmt":"2023-12-12T23:25:30","slug":"who-is-celebrating","status":"publish","type":"page","link":"https:\/\/www.worldb12day.com\/?page_id=71","title":{"rendered":"Who is celebrating and where?"},"content":{"rendered":"<p>Vitamin B12 Day celebrations take place 12 December. Click on organizations&#8217; logos to reach their World Vitamin B12 Day events.<\/p>\n<p>&#8212;&#8212;&#8212;&#8211;<\/p>\n<h1>2023<\/h1>\n<h2>AMERICA<\/h2>\n<ul>\n<li>USA<\/li>\n<\/ul>\n<p><a href=\"https:\/\/www.facebook.com\/veganoutreach\/posts\/pfbid022XjFiAo5j3fzSNxZAakEj2JgLBojxLzPWeVcvkxPoFQi2o6Ljh9XPwnwUxNGHLZ2l\"><img loading=\"lazy\" decoding=\"async\" class=\"alignnone wp-image-171 size-medium\" src=\"https:\/\/www.worldb12day.com\/wp-content\/uploads\/2023\/12\/VeganOutreachCapture-261x300.jpg\" alt=\"\" width=\"261\" height=\"300\" srcset=\"https:\/\/www.worldb12day.com\/wp-content\/uploads\/2023\/12\/VeganOutreachCapture-261x300.jpg 261w, https:\/\/www.worldb12day.com\/wp-content\/uploads\/2023\/12\/VeganOutreachCapture.jpg 729w\" sizes=\"auto, (max-width: 261px) 100vw, 261px\" \/><\/a><\/p>\n<h2>EUROPE<\/h2>\n<ul>\n<li>Birmingham<\/li>\n<\/ul>\n<p><a href=\"http:\/\/https:\/\/www.facebook.com\/TheVeganSociety\/posts\/pfbid0bzW91169DGCsvZfmzdxSubWHBkjvhVSpQcbmAjFUUAtLH3tmCRFHjvVnEkyft8Ubl?__cft__[0]=AZWE8JQo47QgqPGGXfQt-KCMk0DqdnouRlWXblWHER2h0ZJOWGAJwc3t0SttcNFgHW-Y19Q4sm693Z7Pb5kvLPtUryj33r3gI2p9dgZIMLSXVNgxA6dFpguketYJv_lq1H4pvi76zui8XC0eHquw2s1WKmVxsCobTiEARo21o818uionfPhWgzoVFti_xXk5BeY&amp;__tn__=%2CO%2CP-R\"><img loading=\"lazy\" decoding=\"async\" class=\"alignnone wp-image-170 size-medium\" src=\"https:\/\/www.worldb12day.com\/wp-content\/uploads\/2023\/12\/VeganSocietyCapture-291x300.jpg\" alt=\"\" width=\"291\" height=\"300\" srcset=\"https:\/\/www.worldb12day.com\/wp-content\/uploads\/2023\/12\/VeganSocietyCapture-291x300.jpg 291w, https:\/\/www.worldb12day.com\/wp-content\/uploads\/2023\/12\/VeganSocietyCapture.jpg 722w\" sizes=\"auto, (max-width: 291px) 100vw, 291px\" \/><\/a><\/p>\n<ul>\n<li>La R\u00e9union<\/li>\n<\/ul>\n<p><img loading=\"lazy\" decoding=\"async\" class=\"alignnone wp-image-120 size-thumbnail\" src=\"https:\/\/www.worldb12day.com\/wp-content\/uploads\/2017\/12\/Soci\u00e9t\u00e9-v\u00e9gane-R\u00e9union-150x150.jpg\" alt=\"\" width=\"150\" height=\"150\" srcset=\"https:\/\/www.worldb12day.com\/wp-content\/uploads\/2017\/12\/Soci\u00e9t\u00e9-v\u00e9gane-R\u00e9union-150x150.jpg 150w, https:\/\/www.worldb12day.com\/wp-content\/uploads\/2017\/12\/Soci\u00e9t\u00e9-v\u00e9gane-R\u00e9union-100x100.jpg 100w, https:\/\/www.worldb12day.com\/wp-content\/uploads\/2017\/12\/Soci\u00e9t\u00e9-v\u00e9gane-R\u00e9union.jpg 200w\" sizes=\"auto, (max-width: 150px) 100vw, 150px\" \/><\/p>\n<ul>\n<li>Paris<\/li>\n<\/ul>\n<p><a href=\"https:\/\/www.facebook.com\/permalink.php?story_fbid=pfbid0WZS33YKShvsS6hLjbGA41TLuAykukyJyctFrXXdPw6fy9oYaogeuuiqW2ZRgeTkVl&amp;id=100064274846785&amp;__cft__[0]=AZWlx02PzYCRpI0Ure8X3qujNXVxYSKPabLzk6-nL59ifWZCqEfhdq6A6MMvM7lzU5eOrzs5_wXX0buyogZj-06Cb0xvRP5mek7fTjDkbUqdk5_eDiKn-eraYNscpwWjfyQ83PZrK9SI1Sl51ucPsHdGXuwpf_ChRO4Pr9PNTqgIOOHlBUWbooJhle4Pyy_73xx5AcPswQ5yomKgkcJKYvU2&amp;__tn__=%2CO%2CP-R\">\u00a0<\/a><a href=\"https:\/\/www.federationvegane.fr\/communique-du-12-12-2023\/\"><img loading=\"lazy\" decoding=\"async\" class=\"alignnone\" src=\"https:\/\/www.worldb12day.com\/wp-content\/uploads\/2017\/11\/Logo_LR-150x150.jpg\" alt=\"\" width=\"150\" height=\"150\" \/><\/a><\/p>\n<p>&#8212;&#8212;&#8212;&#8211;<\/p>\n<h1>2022<\/h1>\n<h2>AMERICA<\/h2>\n<ul>\n<li>USA<\/li>\n<\/ul>\n<p><a href=\"https:\/\/www.facebook.com\/veganoutreach\/posts\/pfbid02f78r8EAK9J6zHVugBxgr1pLkvsMAfoyyuE67XFoF1zc28SVSxg5jJise5Mpj4diLl?__cft__[0]=AZXG1FRj9msET-9WPQerpHD965VmOanyCE0Py05Pe0m8sY349KTyGC6shpa1Nz87ZAlJdkIS19NzV5ZEHpt9_4n9zvWfy2-2RsWFIvJhFqp4CS9_QWsc8CZzH5bSYMaVHgKyCZEVnepPcJ9gVFzFvoh3qn7AVwReIyJCyHGxIWTMRUs2pIHKx2zywCpAGKESC5o&amp;__tn__=%2CO%2CP-R\"><img loading=\"lazy\" decoding=\"async\" class=\"alignnone wp-image-176 size-medium\" src=\"https:\/\/www.worldb12day.com\/wp-content\/uploads\/2023\/12\/VeganOutreach2022Capture-300x287.jpg\" alt=\"\" width=\"300\" height=\"287\" srcset=\"https:\/\/www.worldb12day.com\/wp-content\/uploads\/2023\/12\/VeganOutreach2022Capture-300x287.jpg 300w, https:\/\/www.worldb12day.com\/wp-content\/uploads\/2023\/12\/VeganOutreach2022Capture-768x734.jpg 768w, https:\/\/www.worldb12day.com\/wp-content\/uploads\/2023\/12\/VeganOutreach2022Capture.jpg 837w\" sizes=\"auto, (max-width: 300px) 100vw, 300px\" \/><\/a><\/p>\n<h2>EUROPE<\/h2>\n<ul>\n<li>Birmingham<\/li>\n<\/ul>\n<p><a href=\"https:\/\/www.facebook.com\/reel\/861834315008432\"><img loading=\"lazy\" decoding=\"async\" class=\"alignnone wp-image-169 size-medium\" src=\"https:\/\/www.worldb12day.com\/wp-content\/uploads\/2023\/12\/VeganSocietyFacebookCapture-300x263.jpg\" alt=\"\" width=\"300\" height=\"263\" srcset=\"https:\/\/www.worldb12day.com\/wp-content\/uploads\/2023\/12\/VeganSocietyFacebookCapture-300x263.jpg 300w, https:\/\/www.worldb12day.com\/wp-content\/uploads\/2023\/12\/VeganSocietyFacebookCapture-768x674.jpg 768w, https:\/\/www.worldb12day.com\/wp-content\/uploads\/2023\/12\/VeganSocietyFacebookCapture.jpg 830w\" sizes=\"auto, (max-width: 300px) 100vw, 300px\" \/><\/a><\/p>\n<ul>\n<li>La R\u00e9union<\/li>\n<\/ul>\n<p><a href=\"https:\/\/www.facebook.com\/societeveganereunion\/posts\/pfbid0242LHi7wTmGJfQg9NVSoNLAGbHoaovTm9wFoNq4DjmqyePuh7YefJv2iYqqR8YhsGl\"><img loading=\"lazy\" decoding=\"async\" class=\"alignnone wp-image-120 size-thumbnail\" src=\"https:\/\/www.worldb12day.com\/wp-content\/uploads\/2017\/12\/Soci\u00e9t\u00e9-v\u00e9gane-R\u00e9union-150x150.jpg\" alt=\"\" width=\"150\" height=\"150\" srcset=\"https:\/\/www.worldb12day.com\/wp-content\/uploads\/2017\/12\/Soci\u00e9t\u00e9-v\u00e9gane-R\u00e9union-150x150.jpg 150w, https:\/\/www.worldb12day.com\/wp-content\/uploads\/2017\/12\/Soci\u00e9t\u00e9-v\u00e9gane-R\u00e9union-100x100.jpg 100w, https:\/\/www.worldb12day.com\/wp-content\/uploads\/2017\/12\/Soci\u00e9t\u00e9-v\u00e9gane-R\u00e9union.jpg 200w\" sizes=\"auto, (max-width: 150px) 100vw, 150px\" \/><\/a><\/p>\n<ul>\n<li>Paris<\/li>\n<\/ul>\n<p><a href=\"https:\/\/www.facebook.com\/permalink.php?story_fbid=pfbid0WZS33YKShvsS6hLjbGA41TLuAykukyJyctFrXXdPw6fy9oYaogeuuiqW2ZRgeTkVl&amp;id=100064274846785&amp;__cft__[0]=AZWlx02PzYCRpI0Ure8X3qujNXVxYSKPabLzk6-nL59ifWZCqEfhdq6A6MMvM7lzU5eOrzs5_wXX0buyogZj-06Cb0xvRP5mek7fTjDkbUqdk5_eDiKn-eraYNscpwWjfyQ83PZrK9SI1Sl51ucPsHdGXuwpf_ChRO4Pr9PNTqgIOOHlBUWbooJhle4Pyy_73xx5AcPswQ5yomKgkcJKYvU2&amp;__tn__=%2CO%2CP-R\"><img loading=\"lazy\" decoding=\"async\" class=\"alignnone\" src=\"https:\/\/www.worldb12day.com\/wp-content\/uploads\/2017\/11\/Logo_LR-150x150.jpg\" alt=\"\" width=\"150\" height=\"150\" \/>\u00a0<\/a><br \/>\n<iframe loading=\"lazy\" style=\"border: none; overflow: hidden;\" src=\"https:\/\/www.facebook.com\/plugins\/video.php?height=476&amp;href=https%3A%2F%2Fwww.facebook.com%2F100064274846785%2Fvideos%2F812420049828822%2F&amp;show_text=false&amp;width=308&amp;t=0\" width=\"308\" height=\"476\" frameborder=\"0\" scrolling=\"no\" allowfullscreen=\"allowfullscreen\" data-mce-fragment=\"1\"><\/iframe><\/p>\n<p>&#8212;&#8212;&#8212;&#8211;<\/p>\n<h1>2021<\/h1>\n<h2>EUROPE<\/h2>\n<ul>\n<li>Birmingham<\/li>\n<\/ul>\n<p><a href=\"https:\/\/www.facebook.com\/TheVeganSociety\/photos\/a.417518913645\/10160469473133646\"><img loading=\"lazy\" decoding=\"async\" class=\"alignnone size-medium wp-image-163\" src=\"https:\/\/www.worldb12day.com\/wp-content\/uploads\/2022\/11\/Vegan-Society-2021-300x300.jpg\" alt=\"\" width=\"300\" height=\"300\" srcset=\"https:\/\/www.worldb12day.com\/wp-content\/uploads\/2022\/11\/Vegan-Society-2021-300x300.jpg 300w, https:\/\/www.worldb12day.com\/wp-content\/uploads\/2022\/11\/Vegan-Society-2021-1024x1024.jpg 1024w, https:\/\/www.worldb12day.com\/wp-content\/uploads\/2022\/11\/Vegan-Society-2021-150x150.jpg 150w, https:\/\/www.worldb12day.com\/wp-content\/uploads\/2022\/11\/Vegan-Society-2021-768x768.jpg 768w, https:\/\/www.worldb12day.com\/wp-content\/uploads\/2022\/11\/Vegan-Society-2021-1536x1536.jpg 1536w, https:\/\/www.worldb12day.com\/wp-content\/uploads\/2022\/11\/Vegan-Society-2021-100x100.jpg 100w, https:\/\/www.worldb12day.com\/wp-content\/uploads\/2022\/11\/Vegan-Society-2021.jpg 2048w\" sizes=\"auto, (max-width: 300px) 100vw, 300px\" \/><\/a><\/p>\n<ul>\n<li>La R\u00e9union<\/li>\n<\/ul>\n<p><a href=\"https:\/\/www.facebook.com\/societeveganereunion\/posts\/pfbid032pYonvFHtxF8PozDAzzZe1DjcTYzxNPNomoLGyetQJJGmFcWaHbEfqGHmV8gnG4Xl\"><img loading=\"lazy\" decoding=\"async\" class=\"alignnone size-thumbnail wp-image-120\" src=\"https:\/\/www.worldb12day.com\/wp-content\/uploads\/2017\/12\/Soci\u00e9t\u00e9-v\u00e9gane-R\u00e9union-150x150.jpg\" alt=\"\" width=\"150\" height=\"150\" srcset=\"https:\/\/www.worldb12day.com\/wp-content\/uploads\/2017\/12\/Soci\u00e9t\u00e9-v\u00e9gane-R\u00e9union-150x150.jpg 150w, https:\/\/www.worldb12day.com\/wp-content\/uploads\/2017\/12\/Soci\u00e9t\u00e9-v\u00e9gane-R\u00e9union-100x100.jpg 100w, https:\/\/www.worldb12day.com\/wp-content\/uploads\/2017\/12\/Soci\u00e9t\u00e9-v\u00e9gane-R\u00e9union.jpg 200w\" sizes=\"auto, (max-width: 150px) 100vw, 150px\" \/><\/a><\/p>\n<ul>\n<li>Paris<\/li>\n<\/ul>\n<p><a href=\"https:\/\/www.federationvegane.fr\/journee-mondiale-de-la-vitamine-b12-2021\/\"><img decoding=\"async\" src=\"https:\/\/www.worldb12day.com\/wp-content\/uploads\/2017\/11\/Logo_LR-150x150.jpg\" \/><\/a><\/p>\n<p><a href=\"https:\/\/www.facebook.com\/watch\/?v=941794930069988\"><img loading=\"lazy\" decoding=\"async\" class=\"alignnone size-medium wp-image-162\" src=\"https:\/\/www.worldb12day.com\/wp-content\/uploads\/2022\/11\/B12_with_salt-300x158.jpg\" alt=\"\" width=\"300\" height=\"158\" srcset=\"https:\/\/www.worldb12day.com\/wp-content\/uploads\/2022\/11\/B12_with_salt-300x158.jpg 300w, https:\/\/www.worldb12day.com\/wp-content\/uploads\/2022\/11\/B12_with_salt-1024x538.jpg 1024w, https:\/\/www.worldb12day.com\/wp-content\/uploads\/2022\/11\/B12_with_salt-768x403.jpg 768w, https:\/\/www.worldb12day.com\/wp-content\/uploads\/2022\/11\/B12_with_salt.jpg 1200w\" sizes=\"auto, (max-width: 300px) 100vw, 300px\" \/><\/a><\/p>\n<p>&#8212;&#8212;&#8212;&#8211;<\/p>\n<h1>2020<\/h1>\n<h2>AMERICA<\/h2>\n<ul>\n<li>USA<\/li>\n<\/ul>\n<p><a href=\"https:\/\/twitter.com\/veganoutreach\/status\/1205216692978122752\" data-wplink-edit=\"true\"><img loading=\"lazy\" decoding=\"async\" class=\"alignnone size-medium wp-image-147\" src=\"https:\/\/www.worldb12day.com\/wp-content\/uploads\/2017\/12\/Vegan_Outreach_400x400-300x300.jpg\" alt=\"\" width=\"300\" height=\"300\" srcset=\"https:\/\/www.worldb12day.com\/wp-content\/uploads\/2017\/12\/Vegan_Outreach_400x400-300x300.jpg 300w, https:\/\/www.worldb12day.com\/wp-content\/uploads\/2017\/12\/Vegan_Outreach_400x400-150x150.jpg 150w, https:\/\/www.worldb12day.com\/wp-content\/uploads\/2017\/12\/Vegan_Outreach_400x400-100x100.jpg 100w, https:\/\/www.worldb12day.com\/wp-content\/uploads\/2017\/12\/Vegan_Outreach_400x400.jpg 400w\" sizes=\"auto, (max-width: 300px) 100vw, 300px\" \/><\/a><\/p>\n<p><a href=\"https:\/\/twitter.com\/veganoutreach\/status\/1337823309925236736\"><img loading=\"lazy\" decoding=\"async\" class=\"alignnone size-medium wp-image-156\" src=\"https:\/\/www.worldb12day.com\/wp-content\/uploads\/2020\/12\/131357347_10158645311291508_7201241877289650884_n-300x300.jpg\" alt=\"\" width=\"300\" height=\"300\" srcset=\"https:\/\/www.worldb12day.com\/wp-content\/uploads\/2020\/12\/131357347_10158645311291508_7201241877289650884_n-300x300.jpg 300w, https:\/\/www.worldb12day.com\/wp-content\/uploads\/2020\/12\/131357347_10158645311291508_7201241877289650884_n-150x150.jpg 150w, https:\/\/www.worldb12day.com\/wp-content\/uploads\/2020\/12\/131357347_10158645311291508_7201241877289650884_n-768x768.jpg 768w, https:\/\/www.worldb12day.com\/wp-content\/uploads\/2020\/12\/131357347_10158645311291508_7201241877289650884_n-100x100.jpg 100w, https:\/\/www.worldb12day.com\/wp-content\/uploads\/2020\/12\/131357347_10158645311291508_7201241877289650884_n.jpg 843w\" sizes=\"auto, (max-width: 300px) 100vw, 300px\" \/><img loading=\"lazy\" decoding=\"async\" class=\"alignnone size-medium wp-image-148\" src=\"https:\/\/www.worldb12day.com\/wp-content\/uploads\/2017\/12\/2019WorldB12Day_Vegan_outreach-300x300.png\" alt=\"\" width=\"300\" height=\"300\" srcset=\"https:\/\/www.worldb12day.com\/wp-content\/uploads\/2017\/12\/2019WorldB12Day_Vegan_outreach-300x300.png 300w, https:\/\/www.worldb12day.com\/wp-content\/uploads\/2017\/12\/2019WorldB12Day_Vegan_outreach-150x150.png 150w, https:\/\/www.worldb12day.com\/wp-content\/uploads\/2017\/12\/2019WorldB12Day_Vegan_outreach-768x768.png 768w, https:\/\/www.worldb12day.com\/wp-content\/uploads\/2017\/12\/2019WorldB12Day_Vegan_outreach-1024x1024.png 1024w, https:\/\/www.worldb12day.com\/wp-content\/uploads\/2017\/12\/2019WorldB12Day_Vegan_outreach.png 1200w, https:\/\/www.worldb12day.com\/wp-content\/uploads\/2017\/12\/2019WorldB12Day_Vegan_outreach-100x100.png 100w\" sizes=\"auto, (max-width: 300px) 100vw, 300px\" \/><\/a><\/p>\n<h2>EUROPE<\/h2>\n<ul>\n<li>Paris<\/li>\n<\/ul>\n<p><a href=\"https:\/\/www.federationvegane.fr\/journee-mondiale-de-la-vitamine-b12-communique-de-presse-du-12-12-2020\/\"><img loading=\"lazy\" decoding=\"async\" class=\"alignnone size-thumbnail wp-image-54\" src=\"https:\/\/www.worldb12day.com\/wp-content\/uploads\/2017\/11\/Logo_LR-150x150.jpg\" alt=\"\" width=\"150\" height=\"150\" srcset=\"https:\/\/www.worldb12day.com\/wp-content\/uploads\/2017\/11\/Logo_LR-150x150.jpg 150w, https:\/\/www.worldb12day.com\/wp-content\/uploads\/2017\/11\/Logo_LR-100x100.jpg 100w, https:\/\/www.worldb12day.com\/wp-content\/uploads\/2017\/11\/Logo_LR.jpg 300w\" sizes=\"auto, (max-width: 150px) 100vw, 150px\" \/><\/a><\/p>\n<p><a href=\"https:\/\/www.federationvegane.fr\/journee-mondiale-de-la-vitamine-b12-communique-de-presse-du-12-12-2020\/\"><img loading=\"lazy\" decoding=\"async\" class=\"alignnone size-medium wp-image-155\" src=\"https:\/\/www.worldb12day.com\/wp-content\/uploads\/2020\/12\/Cristal_B12-300x251.jpg\" alt=\"\" width=\"300\" height=\"251\" srcset=\"https:\/\/www.worldb12day.com\/wp-content\/uploads\/2020\/12\/Cristal_B12-300x251.jpg 300w, https:\/\/www.worldb12day.com\/wp-content\/uploads\/2020\/12\/Cristal_B12-768x644.jpg 768w, https:\/\/www.worldb12day.com\/wp-content\/uploads\/2020\/12\/Cristal_B12.jpg 1000w\" sizes=\"auto, (max-width: 300px) 100vw, 300px\" \/><\/a><\/p>\n<p>&#8212;&#8212;&#8212;&#8211;<\/p>\n<h1>2019<\/h1>\n<h2>AMERICA<\/h2>\n<ul>\n<li>USA<\/li>\n<\/ul>\n<p><a href=\"https:\/\/twitter.com\/veganoutreach\/status\/1205216692978122752\"><img loading=\"lazy\" decoding=\"async\" class=\"alignnone size-medium wp-image-147\" src=\"https:\/\/www.worldb12day.com\/wp-content\/uploads\/2017\/12\/Vegan_Outreach_400x400-300x300.jpg\" alt=\"\" width=\"300\" height=\"300\" srcset=\"https:\/\/www.worldb12day.com\/wp-content\/uploads\/2017\/12\/Vegan_Outreach_400x400-300x300.jpg 300w, https:\/\/www.worldb12day.com\/wp-content\/uploads\/2017\/12\/Vegan_Outreach_400x400-150x150.jpg 150w, https:\/\/www.worldb12day.com\/wp-content\/uploads\/2017\/12\/Vegan_Outreach_400x400-100x100.jpg 100w, https:\/\/www.worldb12day.com\/wp-content\/uploads\/2017\/12\/Vegan_Outreach_400x400.jpg 400w\" sizes=\"auto, (max-width: 300px) 100vw, 300px\" \/><\/a> <img loading=\"lazy\" decoding=\"async\" class=\"alignnone size-medium wp-image-148\" src=\"https:\/\/www.worldb12day.com\/wp-content\/uploads\/2017\/12\/2019WorldB12Day_Vegan_outreach-300x300.png\" alt=\"\" width=\"300\" height=\"300\" srcset=\"https:\/\/www.worldb12day.com\/wp-content\/uploads\/2017\/12\/2019WorldB12Day_Vegan_outreach-300x300.png 300w, https:\/\/www.worldb12day.com\/wp-content\/uploads\/2017\/12\/2019WorldB12Day_Vegan_outreach-150x150.png 150w, https:\/\/www.worldb12day.com\/wp-content\/uploads\/2017\/12\/2019WorldB12Day_Vegan_outreach-768x768.png 768w, https:\/\/www.worldb12day.com\/wp-content\/uploads\/2017\/12\/2019WorldB12Day_Vegan_outreach-1024x1024.png 1024w, https:\/\/www.worldb12day.com\/wp-content\/uploads\/2017\/12\/2019WorldB12Day_Vegan_outreach.png 1200w, https:\/\/www.worldb12day.com\/wp-content\/uploads\/2017\/12\/2019WorldB12Day_Vegan_outreach-100x100.png 100w\" sizes=\"auto, (max-width: 300px) 100vw, 300px\" \/><\/p>\n<h2>EUROPE<\/h2>\n<ul>\n<li>La R\u00e9union<\/li>\n<\/ul>\n<p><a href=\"http:\/\/societevegane.re\/le-forum\/communiques-de-la-societe-vegane-reunion\/386-journee-mondiale-de-la-vitamine-b12-3eme-edition-2019\"><img loading=\"lazy\" decoding=\"async\" class=\"alignnone size-thumbnail wp-image-120\" src=\"https:\/\/www.worldb12day.com\/wp-content\/uploads\/2017\/12\/Soci\u00e9t\u00e9-v\u00e9gane-R\u00e9union-150x150.jpg\" alt=\"\" width=\"150\" height=\"150\" srcset=\"https:\/\/www.worldb12day.com\/wp-content\/uploads\/2017\/12\/Soci\u00e9t\u00e9-v\u00e9gane-R\u00e9union-150x150.jpg 150w, https:\/\/www.worldb12day.com\/wp-content\/uploads\/2017\/12\/Soci\u00e9t\u00e9-v\u00e9gane-R\u00e9union-100x100.jpg 100w, https:\/\/www.worldb12day.com\/wp-content\/uploads\/2017\/12\/Soci\u00e9t\u00e9-v\u00e9gane-R\u00e9union.jpg 200w\" sizes=\"auto, (max-width: 150px) 100vw, 150px\" \/><\/a><\/p>\n<p><iframe loading=\"lazy\" src=\"https:\/\/www.youtube.com\/embed\/Gj9ncOrMILo\" width=\"560\" height=\"315\" frameborder=\"0\" allowfullscreen=\"allowfullscreen\" data-mce-fragment=\"1\"><\/iframe><\/p>\n<ul>\n<li>Paris<\/li>\n<\/ul>\n<p><a href=\"https:\/\/www.federationvegane.fr\/journee-mondiale-de-la-vitamine-b12-communique-de-presse-12-12-2019\/\"><img loading=\"lazy\" decoding=\"async\" class=\"alignnone size-thumbnail wp-image-54\" src=\"https:\/\/www.worldb12day.com\/wp-content\/uploads\/2017\/11\/Logo_LR-150x150.jpg\" alt=\"\" width=\"150\" height=\"150\" srcset=\"https:\/\/www.worldb12day.com\/wp-content\/uploads\/2017\/11\/Logo_LR-150x150.jpg 150w, https:\/\/www.worldb12day.com\/wp-content\/uploads\/2017\/11\/Logo_LR-100x100.jpg 100w, https:\/\/www.worldb12day.com\/wp-content\/uploads\/2017\/11\/Logo_LR.jpg 300w\" sizes=\"auto, (max-width: 150px) 100vw, 150px\" \/><\/a><\/p>\n<p><a href=\"https:\/\/www.federationvegane.org\/\"><img loading=\"lazy\" decoding=\"async\" class=\"alignnone wp-image-143 size-large\" src=\"https:\/\/www.worldb12day.com\/wp-content\/uploads\/2017\/12\/WebsiteCapture2019-1024x738.png\" alt=\"\" width=\"525\" height=\"378\" srcset=\"https:\/\/www.worldb12day.com\/wp-content\/uploads\/2017\/12\/WebsiteCapture2019-1024x738.png 1024w, https:\/\/www.worldb12day.com\/wp-content\/uploads\/2017\/12\/WebsiteCapture2019-300x216.png 300w, https:\/\/www.worldb12day.com\/wp-content\/uploads\/2017\/12\/WebsiteCapture2019-768x553.png 768w, https:\/\/www.worldb12day.com\/wp-content\/uploads\/2017\/12\/WebsiteCapture2019.png 1137w\" sizes=\"auto, (max-width: 525px) 100vw, 525px\" \/><\/a><\/p>\n<p>&#8212;&#8212;&#8212;&#8211;<\/p>\n<h1>2018<\/h1>\n<h2>EUROPE<\/h2>\n<ul>\n<li>La R\u00e9union<\/li>\n<\/ul>\n<p><a href=\"http:\/\/www.societevegane.re\/forum\/communiques-de-la-societe-vegane-reunion\/381-journee-mondiale-de-la-vitamine-b12-2eme-edition#638\"><img loading=\"lazy\" decoding=\"async\" class=\"alignnone size-thumbnail wp-image-120\" src=\"https:\/\/www.worldb12day.com\/wp-content\/uploads\/2017\/12\/Soci\u00e9t\u00e9-v\u00e9gane-R\u00e9union-150x150.jpg\" alt=\"\" width=\"150\" height=\"150\" srcset=\"https:\/\/www.worldb12day.com\/wp-content\/uploads\/2017\/12\/Soci\u00e9t\u00e9-v\u00e9gane-R\u00e9union-150x150.jpg 150w, https:\/\/www.worldb12day.com\/wp-content\/uploads\/2017\/12\/Soci\u00e9t\u00e9-v\u00e9gane-R\u00e9union-100x100.jpg 100w, https:\/\/www.worldb12day.com\/wp-content\/uploads\/2017\/12\/Soci\u00e9t\u00e9-v\u00e9gane-R\u00e9union.jpg 200w\" sizes=\"auto, (max-width: 150px) 100vw, 150px\" \/><\/a><\/p>\n<p><iframe loading=\"lazy\" src=\"https:\/\/www.youtube.com\/embed\/kcYG69Wlrs0\" width=\"560\" height=\"315\" frameborder=\"0\" allowfullscreen=\"allowfullscreen\" data-mce-fragment=\"1\"><\/iframe><\/p>\n<ul>\n<li>Paris<\/li>\n<\/ul>\n<p><a href=\"https:\/\/www.federationvegane.fr\/journee-mondiale-de-la-vitamine-b12-communique-de-presse-2\/\"><img loading=\"lazy\" decoding=\"async\" class=\"alignnone size-thumbnail wp-image-54\" src=\"https:\/\/www.worldb12day.com\/wp-content\/uploads\/2017\/11\/Logo_LR-150x150.jpg\" alt=\"\" width=\"150\" height=\"150\" srcset=\"https:\/\/www.worldb12day.com\/wp-content\/uploads\/2017\/11\/Logo_LR-150x150.jpg 150w, https:\/\/www.worldb12day.com\/wp-content\/uploads\/2017\/11\/Logo_LR-100x100.jpg 100w, https:\/\/www.worldb12day.com\/wp-content\/uploads\/2017\/11\/Logo_LR.jpg 300w\" sizes=\"auto, (max-width: 150px) 100vw, 150px\" \/><\/a><\/p>\n<p>&#8212;&#8212;&#8212;&#8211;<\/p>\n<h1>2017<\/h1>\n<h2>EUROPE<\/h2>\n<ul>\n<li>La R\u00e9union<\/li>\n<\/ul>\n<p><a href=\"http:\/\/www.societevegane.re\/le-forum\/communiques-de-la-societe-vegane-reunion\/376-journee-mondiale-de-la-b12-vitamine-de-la-compassion#621\"><img loading=\"lazy\" decoding=\"async\" class=\"alignnone size-thumbnail wp-image-120\" src=\"https:\/\/www.worldb12day.com\/wp-content\/uploads\/2017\/12\/Soci\u00e9t\u00e9-v\u00e9gane-R\u00e9union-150x150.jpg\" alt=\"\" width=\"150\" height=\"150\" srcset=\"https:\/\/www.worldb12day.com\/wp-content\/uploads\/2017\/12\/Soci\u00e9t\u00e9-v\u00e9gane-R\u00e9union-150x150.jpg 150w, https:\/\/www.worldb12day.com\/wp-content\/uploads\/2017\/12\/Soci\u00e9t\u00e9-v\u00e9gane-R\u00e9union-100x100.jpg 100w, https:\/\/www.worldb12day.com\/wp-content\/uploads\/2017\/12\/Soci\u00e9t\u00e9-v\u00e9gane-R\u00e9union.jpg 200w\" sizes=\"auto, (max-width: 150px) 100vw, 150px\" \/><\/a><\/p>\n<ul>\n<li>Paris<\/li>\n<\/ul>\n<p><a href=\"https:\/\/www.federationvegane.fr\/journee-mondiale-de-la-vitamine-b12\/\"><img loading=\"lazy\" decoding=\"async\" class=\"alignnone size-thumbnail wp-image-54\" src=\"https:\/\/www.worldb12day.com\/wp-content\/uploads\/2017\/11\/Logo_LR-150x150.jpg\" alt=\"\" width=\"150\" height=\"150\" srcset=\"https:\/\/www.worldb12day.com\/wp-content\/uploads\/2017\/11\/Logo_LR-150x150.jpg 150w, https:\/\/www.worldb12day.com\/wp-content\/uploads\/2017\/11\/Logo_LR-100x100.jpg 100w, https:\/\/www.worldb12day.com\/wp-content\/uploads\/2017\/11\/Logo_LR.jpg 300w\" sizes=\"auto, (max-width: 150px) 100vw, 150px\" \/><\/a><\/p>\n<p>This page lists all vegan organizations that are celebrating the B12 vitamin. Please contact us at worldb12day@gmail.com to add your logo and event link.<\/p>\n","protected":false},"excerpt":{"rendered":"<p>Vitamin B12 Day celebrations take place 12 December. Click on organizations&#8217; logos to reach their World Vitamin B12 Day events. &#8212;&#8212;&#8212;&#8211; 2023 AMERICA USA EUROPE Birmingham La R\u00e9union Paris \u00a0 &#8212;&#8212;&#8212;&#8211; 2022 AMERICA USA EUROPE Birmingham La R\u00e9union Paris \u00a0 &#8212;&#8212;&#8212;&#8211; 2021 EUROPE Birmingham La R\u00e9union Paris &#8212;&#8212;&#8212;&#8211; 2020 AMERICA USA EUROPE Paris &#8212;&#8212;&#8212;&#8211; 2019 &hellip; <\/p>\n<p class=\"link-more\"><a href=\"https:\/\/www.worldb12day.com\/?page_id=71\" class=\"more-link\">Continue reading<span class=\"screen-reader-text\"> &#8220;Who is celebrating and where?&#8221;<\/span><\/a><\/p>\n","protected":false},"author":4,"featured_media":0,"parent":0,"menu_order":0,"comment_status":"closed","ping_status":"closed","template":"","meta":{"footnotes":""},"class_list":["post-71","page","type-page","status-publish","hentry"],"_links":{"self":[{"href":"https:\/\/www.worldb12day.com\/index.php?rest_route=\/wp\/v2\/pages\/71","targetHints":{"allow":["GET"]}}],"collection":[{"href":"https:\/\/www.worldb12day.com\/index.php?rest_route=\/wp\/v2\/pages"}],"about":[{"href":"https:\/\/www.worldb12day.com\/index.php?rest_route=\/wp\/v2\/types\/page"}],"author":[{"embeddable":true,"href":"https:\/\/www.worldb12day.com\/index.php?rest_route=\/wp\/v2\/users\/4"}],"replies":[{"embeddable":true,"href":"https:\/\/www.worldb12day.com\/index.php?rest_route=%2Fwp%2Fv2%2Fcomments&post=71"}],"version-history":[{"count":17,"href":"https:\/\/www.worldb12day.com\/index.php?rest_route=\/wp\/v2\/pages\/71\/revisions"}],"predecessor-version":[{"id":177,"href":"https:\/\/www.worldb12day.com\/index.php?rest_route=\/wp\/v2\/pages\/71\/revisions\/177"}],"wp:attachment":[{"href":"https:\/\/www.worldb12day.com\/index.php?rest_route=%2Fwp%2Fv2%2Fmedia&parent=71"}],"curies":[{"name":"wp","href":"https:\/\/api.w.org\/{rel}","templated":true}]}}