{"id":95,"date":"2017-12-11T10:15:19","date_gmt":"2017-12-11T10:15:19","guid":{"rendered":"https:\/\/www.worldb12day.com\/?page_id=95"},"modified":"2017-12-12T12:31:40","modified_gmt":"2017-12-12T12:31:40","slug":"journee-mondiale-de-la-vitamine-b12","status":"publish","type":"page","link":"https:\/\/www.worldb12day.com\/?page_id=95&lang=fr","title":{"rendered":"Journ\u00e9e mondiale de la vitamine B12"},"content":{"rendered":"<p>B12 : LA VITAMINE DE LA COMPASSION<br \/>\nBien que l\u2019id\u00e9e de vivre sans nuire aux animaux existe depuis des mill\u00e9naires, ce n\u2019est devenu techniquement possible qu\u2019\u00e0 partir du 12 d\u00e9cembre 1947, date de la d\u00e9couverte des premiers cristaux de vitamine B12 <a title=\"\u00ab On December 11-12, 1947, Rickes, for the first time, obtained red crystals from a water solution of a grisein fermentation extract upon the addition of acetone thereto. \u00bb (United States District Court, D. New Jersey.\u00b7273 F. Supp. 68 (D.N.J. 1967) MERCK CO. v. CHASE CHEMICAL COMPANY)\" href=\"#fn1\" name=\"1\">[1]<\/a> et de leur origine bact\u00e9rienne. C&#8217;est le seul nutriment essentiel dont les besoins ne peuvent pas \u00eatre satisfaits par la consommation de plantes.<\/p>\n<p>Aucun animal ne synth\u00e9tise la vitamine B12, faute de poss\u00e9der les informations g\u00e9n\u00e9tiques n\u00e9cessaires. Les bact\u00e9ries (et les arch\u00e9es) constituent le point de d\u00e9part de ce nutriment pour l\u2019ensemble de la cha\u00eene alimentaire <a title=\"Rodionov DA1, Vitreschak AG, Mironov AA, Gelfand MS, Comparative genomics of the vitamin B12 metabolism and regulation in prokaryotes, \u00ab Journal of Biological Chemistry \u00bb, 2003 October 17; 278(42):41148-59.\" href=\"#fn2\" name=\"2\">[2]<\/a>. Les micro-organismes qui sont capables de r\u00e9aliser la synth\u00e8se de la vitamine B12 sont peu productifs dans les milieux naturels, lesquels sont peu favorables. Le sol de for\u00eat est extr\u00eamement pauvre en B12 par exemple, les retenues d\u2019eau et les oc\u00e9ans le sont encore davantage <a title=\"Duda, Malinka, Pedziwilke, Relationship between the content of vitamin B12 and the number of microorganisms in soil, in \u00ab Acta Microbiologica Polonica \u00bb, 6, 355-365, 1957, reproduit dans Schneider Z., Stroinski A., Comprehensive B12, 1987, p. 167 (sols de for\u00eat), et Pommel B. , Distribution et signification \u00e9cologique de la vitamine B12 et de la thiamine dans trois lacs subalpins et jurassien, dans les \u00ab Annales d'Hydrobiologie \u00bb, 1975, 6 (2), 103-121, reproduit dans Schneider Z., Stroinski A., Comprehensive B12, 1987, p. 171 (eau de lac).\" href=\"#fn3\" name=\"3\">[3]<\/a>.<\/p>\n<p>Pour concentrer la vitamine B12 en quantit\u00e9 suffisante, les syst\u00e8mes digestifs de certains animaux favorisent une symbiose bact\u00e9rienne ad\u00e9quate gr\u00e2ce \u00e0 des poches de fermentation en amont ou en aval, mais ce n&#8217;est pas le cas chez l\u2019esp\u00e8ce humaine <a title=\"La vitamine B12 est principalement d\u00e9grad\u00e9e lors de son passage dans le syst\u00e8me digestif (Allen RH, Stabler SP., Identification and quantitation of cobalamin and cobalamin analogues in human feces, \u00ab American Journal of Clinical Nutrition \u00bb 2008 ; 87(5):1324-35), tandis que les \u00e9tudes sur le crudivorisme ont syst\u00e9matiquement conduit \u00e0 constater des carences en Finlande, aux \u00c9tats-Unis et en Allemagne.\" href=\"#fn4\" name=\"4\">[4]<\/a>.<\/p>\n<p>La satisfaction de nos besoins a longtemps repos\u00e9 sur la consommation d\u2019animaux symbiotiques (ou de leurs pr\u00e9dateurs), tels que les limaces et escargots, les vers et larves, les insectes et coquillages, ou tout animal malhabile facile \u00e0 attraper. Faute de crocs, de griffes et d\u2019autres capacit\u00e9s physiques propres aux pr\u00e9dateurs sauvages, les grands animaux ne sont probablement devenus accessibles \u00e0 la consommation humaine qu\u2019\u00e0 partir de l\u2019invention des techniques de pi\u00e9geage, de chasse et de p\u00eache. Depuis 10 000 ans, une nouvelle invention a progressivement remplac\u00e9 une partie des pr\u00e9l\u00e8vements dans les milieux naturels : l\u2019\u00e9levage. Pour satisfaire ses besoins en vitamine B12, l\u2019esp\u00e8ce humaine \u00e9tait donc d\u00e9pendante de la r\u00e9colte de petits animaux, puis de la chasse et enfin de l\u2019\u00e9levage.<\/p>\n<p>La d\u00e9couverte des m\u00e9thodes de culture bact\u00e9rienne de la vitamine B12 a techniquement lib\u00e9r\u00e9 l\u2019esp\u00e8ce humaine de cette condition initiale. Nous pouvons d\u00e9sormais vivre sans utiliser les animaux. Le v\u00e9ganisme est une consomm\u2019action qui permet de tuer moins d\u2019organismes vivants, parce qu&#8217;il court-circuite les interm\u00e9diaires animaux. Toute personne peut l\u2019appliquer du jour au lendemain. Pour tuer moins, les v\u00e9ganes brisent la cha\u00eene alimentaire, en s\u2019approvisionnant directement \u00e0 la source originelle de la vitamine B12 : les micro-organismes. C\u2019est \u00e9galement la seule garantie de ne pas participer aux souffrances pouvant \u00eatre induites par l\u2019exploitation animale.<\/p>\n<p>Toute personne v\u00e9gane, ou ayant fortement r\u00e9duit sa consommation de produits d\u2019origine animale en quantit\u00e9, en vari\u00e9t\u00e9 ainsi qu\u2019en fr\u00e9quence, doit se compl\u00e9menter en vitamine B12, ou consommer des produits enrichis en quantit\u00e9s suffisantes. Faute de compl\u00e9mentation, la carence en vitamine B12 peut d\u00e9t\u00e9riorer le sang, le syst\u00e8me nerveux (central et p\u00e9riph\u00e9rique) et l\u2019ADN. Plus sensibles encore que les adultes, les enfants doivent en \u00eatre prot\u00e9g\u00e9s.<\/p>\n<p>Le document de r\u00e9f\u00e9rence, publi\u00e9 par la communaut\u00e9 scientifique v\u00e9gane internationale et adopt\u00e9 par l\u2019ensemble des organisations v\u00e9ganes majeures dans le monde, s\u2019intitule \u00ab Ce que tout v\u00e9gane doit savoir sur la vitamine B12 \u00bb <a title=\"Ce que tout v\u00e9gane doit savoir sur la vitamine B12\" href=\"#fn5\" name=\"5\">[5]<\/a>. Toute personne v\u00e9gane doit se compl\u00e9menter en choisissant de consommer :<\/p>\n<ul>\n<li>soit 1 \u00b5g (microgramme) trois fois par jour ;<\/li>\n<li>soit 10 \u00b5g une fois par jour ;<\/li>\n<li>soit 2 000 \u00b5g une fois par semaine ;<\/li>\n<li>soit 5 000 \u00b5g une fois toutes les deux semaines.<\/li>\n<\/ul>\n<p>Chacune de ces solutions offre exactement la m\u00eame garantie de satisfaire les besoins des adultes. Diviser par quatre pour les nourrissons \u00e0 partir de la diversification (6 mois) jusqu\u2019\u00e0 24 mois. Diviser par deux seulement pour les enfants de 2 \u00e0 12 ans. Ensuite, les doses sont les m\u00eames que celles des adultes. Attention \u00e0 r\u00e9duire les comprim\u00e9s en poudre, pour \u00e9viter que les enfants ne s\u2019\u00e9touffent en avalant de travers.<\/p>\n<p>La journ\u00e9e mondiale de la vitamine B12 c\u00e9l\u00e8bre le progr\u00e8s technique qui permet \u00e0 l&#8217;esp\u00e8ce humaine d&#8217;exprimer sa compassion.<\/p>\n<p>&#8212;&#8212;&#8211;<br \/>\nNOTES<br \/>\n<a id=\"fn1\" href=\"#1\" name=\"01\">[1]<\/a> \u00ab On December 11-12, 1947, Rickes, for the first time, obtained red crystals from a water solution of a grisein fermentation extract upon the addition of acetone thereto. \u00bb (United States District Court, D. New Jersey.\u00b7273 F. Supp. 68 (D.N.J. 1967) <em>MERCK CO. v. CHASE CHEMICAL COMPANY<\/em>)<br \/>\n<a id=\"fn2\" href=\"#2\" name=\"02\">[2]<\/a> Rodionov DAI, Vitreschak AG, Mironov AA, Gelfand MS, <em><a href=\"https:\/\/www.ncbi.nlm.nih.gov\/pubmed\/12869542\">Comparative genomics of the vitamin B12 metabolism and regulation in prokaryotes<\/a><\/em>, \u00ab Journal of Biological Chemistry \u00bb, 2003 October 17; 278(42):41148-59.<br \/>\n<a id=\"fn3\" href=\"#3\" name=\"03\">[3]<\/a> Duda, Malinka, Pedziwilke, <em>Relationship between the content of vitamin B12 and the number of microorganisms in soil<\/em>, in \u00ab Acta Microbiologica Polonica \u00bb, 6, 355-365, 1957, reproduit dans Schneider Z., Stroinski A., <em>Comprehensive B12<\/em>, 1987, <a href=\"https:\/\/www.worldb12day.com\/wp-content\/uploads\/2017\/12\/B12_sol_foret.jpg\">p. 167<\/a> (sols de for\u00eat), et Pommel B. , <em><a href=\"http:\/\/prodinra.inra.fr\/record\/80357\">Distribution et signification \u00e9cologique de la vitamine B12 et de la thiamine dans trois lacs subalpins et jurassien<\/a><\/em>, dans les \u00ab Annales d&#8217;Hydrobiologie \u00bb, 1975, 6 (2), 103-121, reproduit dans Schneider Z., Stroinski A., <em>Comprehensive B12<\/em>, 1987, <a href=\"https:\/\/www.worldb12day.com\/wp-content\/uploads\/2017\/12\/B12_eau_lac.jpg\">p. 171<\/a> (eau de lac).<br \/>\n<a id=\"fn4\" href=\"#4\" name=\"04\">[4]<\/a> La vitamine B12 est principalement d\u00e9grad\u00e9e lors de son passage dans le syst\u00e8me digestif (Allen RH, Stabler SP.<em> <a href=\"http:\/\/www.ncbi.nlm.nih.gov\/pubmed\/18469256\">Identification and quantitation of cobalamin and cobalamin analogues in human feces<\/a><\/em>, \u00ab American Journal of Clinical Nutrition \u00bb 2008 ; 87(5):1324-35), tandis que les \u00e9tudes sur le crudivorisme ont syst\u00e9matiquement conduit \u00e0 constater des carences en <a href=\"https:\/\/www.ncbi.nlm.nih.gov\/pubmed\/7562085\">Finlande<\/a>, aux <a href=\"https:\/\/www.ncbi.nlm.nih.gov\/pubmed\/11146329\">\u00c9tats-Unis<\/a> et en <a href=\"https:\/\/www.ncbi.nlm.nih.gov\/pubmed\/16177198\/\">Allemagne<\/a>.<br \/>\n<a id=\"fn5\" href=\"#5\" name=\"05\">[5]<\/a> <em><a href=\"http:\/\/www.societevegane.fr\/wp-content\/uploads\/2017\/03\/Vitamin_B12_FR.pdf\">Ce que tout v\u00e9gane doit savoir sur la vitamine B12<\/a><\/em>.<\/p>\n<p>&#8212;&#8212;&#8211;<\/p>\n<p>Clich\u00e9 : le lapin est un animal qui fabrique ses propres compl\u00e9ments de vitamine B12, en quelque sorte, puisqu&#8217;il pratique la c\u00e6cotrophie. \u008d<span class=\"st\">\u00a9<\/span> Andrew Parkinson<\/p>\n","protected":false},"excerpt":{"rendered":"<p>B12 : LA VITAMINE DE LA COMPASSION Bien que l\u2019id\u00e9e de vivre sans nuire aux animaux existe depuis des mill\u00e9naires, ce n\u2019est devenu techniquement possible qu\u2019\u00e0 partir du 12 d\u00e9cembre 1947, date de la d\u00e9couverte des premiers cristaux de vitamine B12 [1] et de leur origine bact\u00e9rienne. C&#8217;est le seul nutriment essentiel dont les besoins &hellip; <\/p>\n<p class=\"link-more\"><a href=\"https:\/\/www.worldb12day.com\/?page_id=95&#038;lang=fr\" class=\"more-link\">Continue reading<span class=\"screen-reader-text\"> &#8220;Journ\u00e9e mondiale de la vitamine B12&#8221;<\/span><\/a><\/p>\n","protected":false},"author":4,"featured_media":0,"parent":0,"menu_order":0,"comment_status":"closed","ping_status":"closed","template":"","meta":{"footnotes":""},"class_list":["post-95","page","type-page","status-publish","hentry"],"_links":{"self":[{"href":"https:\/\/www.worldb12day.com\/index.php?rest_route=\/wp\/v2\/pages\/95","targetHints":{"allow":["GET"]}}],"collection":[{"href":"https:\/\/www.worldb12day.com\/index.php?rest_route=\/wp\/v2\/pages"}],"about":[{"href":"https:\/\/www.worldb12day.com\/index.php?rest_route=\/wp\/v2\/types\/page"}],"author":[{"embeddable":true,"href":"https:\/\/www.worldb12day.com\/index.php?rest_route=\/wp\/v2\/users\/4"}],"replies":[{"embeddable":true,"href":"https:\/\/www.worldb12day.com\/index.php?rest_route=%2Fwp%2Fv2%2Fcomments&post=95"}],"version-history":[{"count":6,"href":"https:\/\/www.worldb12day.com\/index.php?rest_route=\/wp\/v2\/pages\/95\/revisions"}],"predecessor-version":[{"id":128,"href":"https:\/\/www.worldb12day.com\/index.php?rest_route=\/wp\/v2\/pages\/95\/revisions\/128"}],"wp:attachment":[{"href":"https:\/\/www.worldb12day.com\/index.php?rest_route=%2Fwp%2Fv2%2Fmedia&parent=95"}],"curies":[{"name":"wp","href":"https:\/\/api.w.org\/{rel}","templated":true}]}}